{"id":202,"date":"2019-07-15T16:44:38","date_gmt":"2019-07-15T14:44:38","guid":{"rendered":"https:\/\/www.communion-bethanie.org\/?page_id=202"},"modified":"2019-08-31T20:01:14","modified_gmt":"2019-08-31T18:01:14","slug":"dialogue-interreligieux-et-interconvictionel","status":"publish","type":"page","link":"https:\/\/www.communion-bethanie.org\/?page_id=202","title":{"rendered":"Dialogue interreligieux et interconvictionel"},"content":{"rendered":"\n<p>Nous sommes tr\u00e8s sensible au dialogue avec ceux et celles qui n&rsquo;ont pas les m\u00eames approches spirituelles ou les m\u00eames convictions. <br>Nous pensons que notre approche homosensible et transidentitaires vont de pair avec un dialogue ouvert avec d&rsquo;autres communaut\u00e9s.<\/p>\n\n\n\n<p>Voici 3 liens utiles :<\/p>\n\n\n\n<div class=\"wp-block-button\"><a class=\"wp-block-button__link has-background has-vivid-cyan-blue-background-color\" href=\"https:\/\/www.coexister.fr\/\"><img data-recalc-dims=\"1\" loading=\"lazy\" decoding=\"async\" width=\"250\" height=\"85\" class=\"wp-image-368\" style=\"width: 250px;\" src=\"https:\/\/i0.wp.com\/www.communion-bethanie.org\/wp-content\/uploads\/2019\/08\/Coexister.png?resize=250%2C85&#038;ssl=1\" alt=\"\"><\/a><\/div>\n\n\n\n<div class=\"wp-block-button\"><a class=\"wp-block-button__link has-background has-vivid-cyan-blue-background-color\" href=\"https:\/\/beit-haverim.com\/\"><img data-recalc-dims=\"1\" loading=\"lazy\" decoding=\"async\" width=\"250\" height=\"38\" class=\"wp-image-369\" style=\"width: 250px;\" src=\"https:\/\/i0.wp.com\/www.communion-bethanie.org\/wp-content\/uploads\/2019\/08\/Beit-Haverim.png?resize=250%2C38&#038;ssl=1\" alt=\"\" srcset=\"https:\/\/i0.wp.com\/www.communion-bethanie.org\/wp-content\/uploads\/2019\/08\/Beit-Haverim.png?w=800&amp;ssl=1 800w, https:\/\/i0.wp.com\/www.communion-bethanie.org\/wp-content\/uploads\/2019\/08\/Beit-Haverim.png?resize=300%2C45&amp;ssl=1 300w, https:\/\/i0.wp.com\/www.communion-bethanie.org\/wp-content\/uploads\/2019\/08\/Beit-Haverim.png?resize=768%2C115&amp;ssl=1 768w\" sizes=\"auto, (max-width: 250px) 100vw, 250px\" \/><\/a><\/div>\n\n\n\n<div class=\"wp-block-button\"><a class=\"wp-block-button__link has-background has-vivid-cyan-blue-background-color\" href=\"https:\/\/shams-france.org\/\">Shams France<br>(site non s\u00e9curis\u00e9)  <img data-recalc-dims=\"1\" loading=\"lazy\" decoding=\"async\" width=\"100\" height=\"101\" scale=\"0\" class=\"wp-image-370\" style=\"width: 100px;\" src=\"https:\/\/i0.wp.com\/www.communion-bethanie.org\/wp-content\/uploads\/2019\/08\/shams-france.jpg?resize=100%2C101&#038;ssl=1\" alt=\"\" srcset=\"https:\/\/i0.wp.com\/www.communion-bethanie.org\/wp-content\/uploads\/2019\/08\/shams-france.jpg?w=950&amp;ssl=1 950w, https:\/\/i0.wp.com\/www.communion-bethanie.org\/wp-content\/uploads\/2019\/08\/shams-france.jpg?resize=150%2C150&amp;ssl=1 150w, https:\/\/i0.wp.com\/www.communion-bethanie.org\/wp-content\/uploads\/2019\/08\/shams-france.jpg?resize=297%2C300&amp;ssl=1 297w, https:\/\/i0.wp.com\/www.communion-bethanie.org\/wp-content\/uploads\/2019\/08\/shams-france.jpg?resize=768%2C776&amp;ssl=1 768w\" sizes=\"auto, (max-width: 100px) 100vw, 100px\" \/><\/a><\/div>\n\n\n\n<p>Retrouvez aussi &#8230;<\/p>\n\n\n\n<div class=\"wp-block-button\"><a class=\"wp-block-button__link has-background has-vivid-cyan-blue-background-color\" href=\"https:\/\/www.communion-bethanie.org\/?cat=29\">Nos activit\u00e9s inter-spirituelles<\/a><\/div>\n","protected":false},"excerpt":{"rendered":"<p>Nous sommes tr\u00e8s sensible au dialogue avec ceux et celles qui n&rsquo;ont pas les m\u00eames approches spirituelles ou les m\u00eames convictions. Nous pensons que notre approche homosensible et transidentitaires vont de pair avec un dialogue ouvert avec d&rsquo;autres communaut\u00e9s. Voici 3 liens utiles : Retrouvez aussi &#8230;<\/p>\n","protected":false},"author":1,"featured_media":0,"parent":188,"menu_order":30,"comment_status":"closed","ping_status":"closed","template":"","meta":{"jetpack_post_was_ever_published":false,"footnotes":""},"class_list":["post-202","page","type-page","status-publish","hentry"],"jetpack_likes_enabled":true,"jetpack_sharing_enabled":true,"_links":{"self":[{"href":"https:\/\/www.communion-bethanie.org\/index.php?rest_route=\/wp\/v2\/pages\/202","targetHints":{"allow":["GET"]}}],"collection":[{"href":"https:\/\/www.communion-bethanie.org\/index.php?rest_route=\/wp\/v2\/pages"}],"about":[{"href":"https:\/\/www.communion-bethanie.org\/index.php?rest_route=\/wp\/v2\/types\/page"}],"author":[{"embeddable":true,"href":"https:\/\/www.communion-bethanie.org\/index.php?rest_route=\/wp\/v2\/users\/1"}],"replies":[{"embeddable":true,"href":"https:\/\/www.communion-bethanie.org\/index.php?rest_route=%2Fwp%2Fv2%2Fcomments&post=202"}],"version-history":[{"count":4,"href":"https:\/\/www.communion-bethanie.org\/index.php?rest_route=\/wp\/v2\/pages\/202\/revisions"}],"predecessor-version":[{"id":373,"href":"https:\/\/www.communion-bethanie.org\/index.php?rest_route=\/wp\/v2\/pages\/202\/revisions\/373"}],"up":[{"embeddable":true,"href":"https:\/\/www.communion-bethanie.org\/index.php?rest_route=\/wp\/v2\/pages\/188"}],"wp:attachment":[{"href":"https:\/\/www.communion-bethanie.org\/index.php?rest_route=%2Fwp%2Fv2%2Fmedia&parent=202"}],"curies":[{"name":"wp","href":"https:\/\/api.w.org\/{rel}","templated":true}]}}