{"id":213,"date":"2019-08-27T17:00:00","date_gmt":"2019-08-27T15:00:00","guid":{"rendered":"https:\/\/www.communion-bethanie.org\/?page_id=213"},"modified":"2020-06-25T00:41:57","modified_gmt":"2020-06-24T22:41:57","slug":"qui-sommes-nous","status":"publish","type":"page","link":"https:\/\/www.communion-bethanie.org\/?page_id=213","title":{"rendered":"Qui sommes-nous ?"},"content":{"rendered":"\n<div class=\"wp-block-columns has-2-columns is-layout-flex wp-container-core-columns-is-layout-9d6595d7 wp-block-columns-is-layout-flex\">\n<div class=\"wp-block-column is-layout-flow wp-block-column-is-layout-flow\">\n<figure class=\"wp-block-image\"><img data-recalc-dims=\"1\" loading=\"lazy\" decoding=\"async\" width=\"240\" height=\"242\" src=\"https:\/\/i0.wp.com\/www.communion-bethanie.org\/wp-content\/uploads\/2019\/07\/CB-sur-tissus-240.jpg?resize=240%2C242&#038;ssl=1\" alt=\"\" class=\"wp-image-269\" srcset=\"https:\/\/i0.wp.com\/www.communion-bethanie.org\/wp-content\/uploads\/2019\/07\/CB-sur-tissus-240.jpg?w=240&amp;ssl=1 240w, https:\/\/i0.wp.com\/www.communion-bethanie.org\/wp-content\/uploads\/2019\/07\/CB-sur-tissus-240.jpg?resize=150%2C150&amp;ssl=1 150w\" sizes=\"auto, (max-width: 240px) 100vw, 240px\" \/><\/figure>\n<\/div>\n\n\n\n<div class=\"wp-block-column is-layout-flow wp-block-column-is-layout-flow\">\n<p class=\"has-text-align-justify\"><strong>En couple, c\u00e9libataires, m\u00e8res, p\u00e8res de famille, pasteurs, pr\u00eatres, religieuses, religieux en alliance, nous avons le commun d\u00e9sir de prier et de nous mettre au service d&rsquo;un nouveau regard port\u00e9 sur les personnes transgenres et homosensibles, sans chercher \u00e0 les changer. <\/strong><\/p>\n<\/div>\n<\/div>\n\n\n\n<p>Notre vocation commune est de vivre \u00ab&nbsp;un monachisme du c\u0153ur&nbsp;\u00bb.<br>Cette int\u00e9riorit\u00e9 nous invite \u00e0 nous mettre au service de la croissance de chaque personne, dans le respect de son chemin de libert\u00e9 et de v\u00e9rit\u00e9.<br><br>R\u00e9guli\u00e8rement (durant l&rsquo;\u00e9t\u00e9 et au d\u00e9but de l&rsquo;Avent), nous nous retrouvons pour un temps de retraite et de partage dans un climat de grande libert\u00e9 int\u00e9rieure, favoris\u00e9 par la communaut\u00e9 qui nous re\u00e7oit, avec laquelle nous vivons une authentique exp\u00e9rience fraternelle.<br>Cette amiti\u00e9 s&rsquo;aliment pour nous \u00e0 l&rsquo;unique source de tout amour : J\u00e9sus le Christ, que nous aimons contempler \u00e0 B\u00e9thanie.<br><br>B\u00e9thanie est un petit village de Terre Sainte, dont le nom signifie \u00ab&nbsp;maison de l&rsquo;afflig\u00e9&nbsp;\u00bb.<br>Situ\u00e9 g\u00e9ographiquement tr\u00e8s proche de J\u00e9rusalem, J\u00e9sus aimait venir s&rsquo;y reposer en compagnie de ses ami-es, Marie, Marthe et Lazare.<br><br>B\u00e9thanie n&rsquo;est pas un lieu institutionnel mais familial, cordial, o\u00f9 nous nous accueillons dans la charit\u00e9 fraternelle, l&rsquo;\u00e9coute de la Parole de Dieu et le renouvellement int\u00e9rieur.<br><br>La Communion B\u00e9thanie souhaite que toute personne trouve en elle un espace pour approfondir son propre parcours spirituel.<br><br>Au sein de l&rsquo;Eglise, dans l&rsquo;\u00e9lan \u0153cum\u00e9nique, de nombreux visages nous inspirent.<br>Parmi eux : <br>la Vierge-Marie, sainte Marie-Madeleine, le bienheureux Jean-Joseph Lataste, Fr\u00e8re Roger de Taiz\u00e9, S\u0153ur Mireille, diaconesse de Reuilly, &#8230;<br><br>Avec elles, avec eux, nous esp\u00e9rons contribuer \u00e0 la paix et \u00e0 la croissance des personnes dans un climat de pudeur et de discr\u00e9tion re\u00e7u comme un charisme sp\u00e9cifique de notre famille.<br><br>\u00ab&nbsp;L&rsquo;\u00c9glise est une immense bergerie avec du foin \u00e0 hauteur de tous les museaux&nbsp;\u00bb. <em>Pape saint Jean XXIII<\/em><\/p>\n\n\n\n<hr class=\"wp-block-separator\"\/>\n\n\n\n<div class=\"wp-block-button\"><a class=\"wp-block-button__link has-background has-vivid-cyan-blue-background-color\" href=\"https:\/\/www.communion-bethanie.org\/wp-content\/uploads\/2019\/08\/Dossier-de-Presse.pdf\">Dossier de Presse<\/a><\/div>\n\n\n\n<blockquote class=\"wp-block-quote is-layout-flow wp-block-quote-is-layout-flow\"><p>Attention, le lien vers le site est encore l&rsquo;ancien.<\/p><\/blockquote>\n\n\n\n<ul class=\"wp-block-list\"><li> <a rel=\"noreferrer noopener\" href=\"https:\/\/www.communion-bethanie.org\/?cat=38\" target=\"_blank\">Nouveaut\u00e9s de notre site<\/a><\/li><li>Facebook:\u00a0<a rel=\"noreferrer noopener\" href=\"http:\/\/facebook.com\/communion.bethanie\" target=\"_blank\">communion.bethanie<\/a><\/li><li>Twitter:\u00a0<a rel=\"noreferrer noopener\" href=\"http:\/\/twitter.com\/CommBethanie\" target=\"_blank\">CommBethanie<\/a><\/li><li>Contact:\u00a0<a href=\"mailto: contact@communion-bethanie.org\">contact@communion-bethanie.org<\/a><\/li><\/ul>\n\n\n\n<p>Si vous souhaitez faire un don, adressez un virement aux coordonn\u00e9es bancaires suivantes :<br>RIB : 30004 01543 00010046049 39<br>IBAN : FR76 3000 4015 4300 0100 4604 939<br>BIC : BNPAFRPPXXX<\/p>\n","protected":false},"excerpt":{"rendered":"<p>En couple, c\u00e9libataires, m\u00e8res, p\u00e8res de famille, pasteurs, pr\u00eatres, religieuses, religieux en alliance, nous avons le commun d\u00e9sir de prier et de nous mettre au service d&rsquo;un nouveau regard port\u00e9 sur les personnes transgenres et homosensibles, sans chercher \u00e0 les changer. Notre vocation commune est de vivre \u00ab&nbsp;un monachisme du c\u0153ur&nbsp;\u00bb.Cette int\u00e9riorit\u00e9 nous invite \u00e0 [&hellip;]<\/p>\n","protected":false},"author":1,"featured_media":0,"parent":188,"menu_order":60,"comment_status":"closed","ping_status":"closed","template":"","meta":{"jetpack_post_was_ever_published":false,"footnotes":""},"class_list":["post-213","page","type-page","status-publish","hentry"],"jetpack_likes_enabled":true,"jetpack_sharing_enabled":true,"_links":{"self":[{"href":"https:\/\/www.communion-bethanie.org\/index.php?rest_route=\/wp\/v2\/pages\/213","targetHints":{"allow":["GET"]}}],"collection":[{"href":"https:\/\/www.communion-bethanie.org\/index.php?rest_route=\/wp\/v2\/pages"}],"about":[{"href":"https:\/\/www.communion-bethanie.org\/index.php?rest_route=\/wp\/v2\/types\/page"}],"author":[{"embeddable":true,"href":"https:\/\/www.communion-bethanie.org\/index.php?rest_route=\/wp\/v2\/users\/1"}],"replies":[{"embeddable":true,"href":"https:\/\/www.communion-bethanie.org\/index.php?rest_route=%2Fwp%2Fv2%2Fcomments&post=213"}],"version-history":[{"count":9,"href":"https:\/\/www.communion-bethanie.org\/index.php?rest_route=\/wp\/v2\/pages\/213\/revisions"}],"predecessor-version":[{"id":1016,"href":"https:\/\/www.communion-bethanie.org\/index.php?rest_route=\/wp\/v2\/pages\/213\/revisions\/1016"}],"up":[{"embeddable":true,"href":"https:\/\/www.communion-bethanie.org\/index.php?rest_route=\/wp\/v2\/pages\/188"}],"wp:attachment":[{"href":"https:\/\/www.communion-bethanie.org\/index.php?rest_route=%2Fwp%2Fv2%2Fmedia&parent=213"}],"curies":[{"name":"wp","href":"https:\/\/api.w.org\/{rel}","templated":true}]}}