{"id":242,"date":"2019-07-17T11:13:51","date_gmt":"2019-07-17T09:13:51","guid":{"rendered":"https:\/\/www.communion-bethanie.org\/?page_id=242"},"modified":"2021-01-21T00:18:55","modified_gmt":"2021-01-20T23:18:55","slug":"sites-recommandes-2","status":"publish","type":"page","link":"https:\/\/www.communion-bethanie.org\/?page_id=242","title":{"rendered":"Sites recommand\u00e9s"},"content":{"rendered":"\n<p><a href=\"http:\/\/www.encalcat.com\/\" target=\"_blank\" rel=\"noreferrer noopener\">Abbaye d&rsquo;En Calcat<\/a><\/p>\n\n\n\n<p><a href=\"http:\/\/www.abbaye-tamie.com\/\" target=\"_blank\" rel=\"noreferrer noopener\">Abbaye de Tami\u00e9<\/a><\/p>\n\n\n\n<p><a href=\"http:\/\/aucoindufeudelaparole.eklablog.com\/\" target=\"_blank\" rel=\"noreferrer noopener\">Au coin du feu de la Parole<\/a><\/p>\n\n\n\n<p><a href=\"https:\/\/bible.catholique.org\/\" target=\"_blank\" rel=\"noreferrer noopener\">Bible catholique<\/a><\/p>\n\n\n\n<p><a href=\"http:\/\/lire.la-bible.net\/\" target=\"_blank\" rel=\"noreferrer noopener\">Bibles protestantes<\/a><\/p>\n\n\n\n<p><a href=\"http:\/\/www.cplush.ch\/\" target=\"_blank\" rel=\"noreferrer noopener\">C+H Chr\u00e9tiens + Homo (Suisse)<\/a><\/p>\n\n\n\n<p><a href=\"http:\/\/www.retraitedanslaville.org\/\" target=\"_blank\" rel=\"noreferrer noopener\">Car\u00eame &#8211; Retraite\ndans la Ville<\/a><\/p>\n\n\n\n<p><a href=\"http:\/\/chretiensinclusifs.org\/\">Carrefour des Chr\u00e9tiens Inclusifs &#8211; CCI<\/a><\/p>\n\n\n\n<p><a href=\"http:\/\/www.monastere-cabanoule.com\/\" target=\"_blank\" rel=\"noreferrer noopener\">Cisterciennes de\nCabanoule &#8211; monast\u00e8re de la Paix-Dieu<\/a><\/p>\n\n\n\n<p><a href=\"http:\/\/www.comitedelajupe.fr\/\" target=\"_blank\" rel=\"noreferrer noopener\">Comit\u00e9 de la jupe<\/a><\/p>\n\n\n\n<p><a href=\"http:\/\/www.taize.fr\/fr\" target=\"_blank\" rel=\"noreferrer noopener\">Communaut\u00e9 de Taiz\u00e9<\/a><\/p>\n\n\n\n<p><a href=\"http:\/\/www.baptises.fr\/\" target=\"_blank\" rel=\"noreferrer noopener\">Conf\u00e9rence catholique des\nbaptis\u00e9s francophones<\/a><\/p>\n\n\n\n<p><a href=\"http:\/\/www.davidetjonathan.com\/\" target=\"_blank\" rel=\"noreferrer noopener\">David et Jonathan<\/a><\/p>\n\n\n\n<p><a href=\"http:\/\/www.devenirunenchrist.net\/\" target=\"_blank\" rel=\"noreferrer noopener\">Devenir Un en Christ<\/a><\/p>\n\n\n\n<p><a href=\"http:\/\/www.dominicains.fr\/\" target=\"_blank\" rel=\"noreferrer noopener\">Dominicains, Province de\nFrance<\/a><\/p>\n\n\n\n<p><a href=\"http:\/\/www.dominicains.fr\/province-de-toulouse\" target=\"_blank\" rel=\"noreferrer noopener\">Dominicains,\nProvince de Toulouse<\/a><\/p>\n\n\n\n<p><a href=\"http:\/\/www.ecrituresetspiritualites.fr\/\" target=\"_blank\" rel=\"noreferrer noopener\">\u00c9critures et\nSpiritualit\u00e9s<\/a><\/p>\n\n\n\n<p><a href=\"http:\/\/www.gaychristian-europe.com\/index-fr.php\" target=\"_blank\" rel=\"noreferrer noopener\">Gay\nChristian Europe<\/a><\/p>\n\n\n\n<p><a href=\"https:\/\/fr-fr.facebook.com\/GroupeLambda\/\" target=\"_blank\" rel=\"noreferrer noopener\">Groupe Lambda &#8211;\ncath\u00e9drale am\u00e9ricaine (FB)<\/a><\/p>\n\n\n\n<p><a href=\"http:\/\/www.clarte-dieu.fr\/\" target=\"_blank\" rel=\"noreferrer noopener\">La Clart\u00e9-Dieu<\/a><\/p>\n\n\n\n<p><a href=\"http:\/\/www.carmel.asso.fr\/\" target=\"_blank\" rel=\"noreferrer noopener\">Le Carmel de France<\/a><\/p>\n\n\n\n<p><a href=\"http:\/\/www.chartreux.org\/\" target=\"_blank\" rel=\"noreferrer noopener\">Les Chartreux et Chartreuses<\/a><\/p>\n\n\n\n<p><a href=\"http:\/\/www.dominicainesdebethanie.org\/\" target=\"_blank\" rel=\"noreferrer noopener\">Les Dominicaines\nde B\u00e9thanie<\/a><\/p>\n\n\n\n<p><a href=\"http:\/\/maisondugrandpre.fr\/\" target=\"_blank\" rel=\"noreferrer noopener\">Maison du Grand Pr\u00e9<\/a><\/p>\n\n\n\n<p><a href=\"http:\/\/www.monasterodibose.it\/\" target=\"_blank\" rel=\"noreferrer noopener\">Monast\u00e8re de Bose\n(Italie)<\/a><\/p>\n\n\n\n<p><a rel=\"noreferrer noopener\" href=\"http:\/\/www.chalais.fr\/\" target=\"_blank\">Monast\u00e8re de Chalais<\/a><\/p>\n\n\n\n<p><a href=\"https:\/\/ohmygoddess.fr\/\" target=\"_blank\" rel=\"noreferrer noopener\" aria-label=\"Oh My Goddess (Suisse) (s\u2019ouvre dans un nouvel onglet)\">Oh My Goddess (Suisse)<\/a><\/p>\n","protected":false},"excerpt":{"rendered":"<p>Abbaye d&rsquo;En Calcat Abbaye de Tami\u00e9 Au coin du feu de la Parole Bible catholique Bibles protestantes C+H Chr\u00e9tiens + Homo (Suisse) Car\u00eame &#8211; Retraite dans la Ville Carrefour des Chr\u00e9tiens Inclusifs &#8211; CCI Cisterciennes de Cabanoule &#8211; monast\u00e8re de la Paix-Dieu Comit\u00e9 de la jupe Communaut\u00e9 de Taiz\u00e9 Conf\u00e9rence catholique des baptis\u00e9s francophones David [&hellip;]<\/p>\n","protected":false},"author":1,"featured_media":243,"parent":188,"menu_order":10,"comment_status":"closed","ping_status":"closed","template":"","meta":{"footnotes":""},"class_list":["post-242","page","type-page","status-publish","has-post-thumbnail","hentry"],"jetpack_likes_enabled":true,"jetpack_sharing_enabled":true,"_links":{"self":[{"href":"https:\/\/www.communion-bethanie.org\/index.php?rest_route=\/wp\/v2\/pages\/242","targetHints":{"allow":["GET"]}}],"collection":[{"href":"https:\/\/www.communion-bethanie.org\/index.php?rest_route=\/wp\/v2\/pages"}],"about":[{"href":"https:\/\/www.communion-bethanie.org\/index.php?rest_route=\/wp\/v2\/types\/page"}],"author":[{"embeddable":true,"href":"https:\/\/www.communion-bethanie.org\/index.php?rest_route=\/wp\/v2\/users\/1"}],"replies":[{"embeddable":true,"href":"https:\/\/www.communion-bethanie.org\/index.php?rest_route=%2Fwp%2Fv2%2Fcomments&post=242"}],"version-history":[{"count":4,"href":"https:\/\/www.communion-bethanie.org\/index.php?rest_route=\/wp\/v2\/pages\/242\/revisions"}],"predecessor-version":[{"id":1374,"href":"https:\/\/www.communion-bethanie.org\/index.php?rest_route=\/wp\/v2\/pages\/242\/revisions\/1374"}],"up":[{"embeddable":true,"href":"https:\/\/www.communion-bethanie.org\/index.php?rest_route=\/wp\/v2\/pages\/188"}],"wp:featuredmedia":[{"embeddable":true,"href":"https:\/\/www.communion-bethanie.org\/index.php?rest_route=\/wp\/v2\/media\/243"}],"wp:attachment":[{"href":"https:\/\/www.communion-bethanie.org\/index.php?rest_route=%2Fwp%2Fv2%2Fmedia&parent=242"}],"curies":[{"name":"wp","href":"https:\/\/api.w.org\/{rel}","templated":true}]}}